{"id":143,"date":"2021-12-10T12:59:52","date_gmt":"2021-12-10T12:59:52","guid":{"rendered":"https:\/\/www.munteanu.com.ro\/blog\/?page_id=143"},"modified":"2022-01-16T13:44:27","modified_gmt":"2022-01-16T13:44:27","slug":"home","status":"publish","type":"page","link":"https:\/\/www.munteanu.com.ro\/blog\/","title":{"rendered":"Home"},"content":{"rendered":"\n<div style=\"height:12px\" aria-hidden=\"true\" class=\"wp-block-spacer\"><\/div>\n\n\n\n<div class=\"wp-block-columns\">\n<div class=\"wp-block-column\" style=\"flex-basis:10%\"><\/div>\n\n\n\n<div class=\"wp-block-column\" style=\"flex-basis:80%\"><div class='marquee-hsas-shortcode-19' style='width: 100%;overflow: hidden;'><a style=\"\" href=\"#intr\" target=\"_blank\">\u2022  culegere  \u2022  tehnoredactare  \u2022  corectarea documentelor  \r\n<\/a>&nbsp;&nbsp;&nbsp;<a style=\"\" href=\"#org_doc\" target=\"_self\"> \u2022  scanarea documentelor    \u2022  ordonarea documentelor   \u2022  organizarea digital\u0103 a  documentelor  \u2022  organizarea \u00een format fizic a documentelor  \u2022  elaborarea de cataloage  \u2022  scanare \u0219i organizare a arhivelor foto  <\/a>&nbsp;&nbsp;&nbsp;<a style=\"\" href=\"#srv_edit\" target=\"_self\">\u2022  transcrierea documentelor  \u2022  fotocopiere  \u2022\tmultiplicare<\/a><\/div><script>jQuery(function(){jQuery('.marquee-hsas-shortcode-19').marquee({allowCss3Support: true,css3easing: 'linear',easing: 'linear',delayBeforeStart: 2000,direction: 'left',duplicated: true,duration: 15000,gap: 50,pauseOnCycle: true,pauseOnHover: true,startVisible: true});});<\/script>\n<\/div>\n\n\n\n<div class=\"wp-block-column\" style=\"flex-basis:10%\"><\/div>\n<\/div>\n\n\n\n<div class=\"wp-block-columns\" id=\"home_one\">\n<div class=\"wp-block-column\" style=\"flex-basis:20%\"><\/div>\n\n\n\n<div class=\"wp-block-column\" style=\"flex-basis:60%\">\n<div class=\"wp-block-columns\">\n<div class=\"wp-block-column\">\n<div class=\"wp-block-essential-blocks-flipbox\"><div class=\"eb-flipbox-container eb-flipbox-j65r8wv eb-flipbox-align-center\" data-id=\"eb-flipbox-j65r8wv\" data-flip-type=\"flip-left\"><div class=\"eb-flipper flip-left\"><div class=\"eb-flipbox-front\"><div class=\"eb-flipbox-items-container\"><div class=\"eb-flipbox-icon-wrapper\"><div class=\"eb-flipbox-front-image-container\"><img src=\"https:\/\/www.munteanu.com.ro\/blog\/wp-content\/uploads\/2021\/12\/dosare.jpg\"\/><\/div><\/div><div class=\"eb-flipbox-front-title-wrapper\"><a href=\"#org_doc\" class=\"title-link\"><h3 class=\"eb-flipbox-front-title\">Organizarea \u0219i digitalizarea documentelor.<\/h3><\/a><\/div><div class=\"eb-flipbox-front-content-wrapper\"><p class=\"eb-flipbox-front-content\"><\/p><\/div><\/div><\/div><div class=\"eb-flipbox-back\"><div class=\"eb-flipbox-items-container\"><div class=\"eb-flipbox-icon-wrapper\"><div class=\"eb-flipbox-icon-back\" data-icon=\"fab fa-rev\"><span class=\"fab fa-rev\"><\/span><\/div><\/div><div class=\"eb-flipbox-back-title-wrapper\"><a href=\"#org_doc\" class=\"title-link\"><h3 class=\"eb-flipbox-back-title\">Organizarea \u0219i digitalizarea documentelor.<\/h3><\/a><\/div><div class=\"eb-flipbox-back-content-wrapper\"><p class=\"eb-flipbox-back-content\">Organizarea poate fi at\u00e2t digitalizat\u0103 c\u00e2t \u0219i \u00een format fizic, scopul ei fiind de a-i ajuta pe deplin pe clien\u021bi, s\u0103 fie eficient\u0103 \u0219i productiv\u0103.<\/p><\/div><\/div><\/div><\/div><\/div><\/div>\n<\/div>\n\n\n\n<div class=\"wp-block-column\">\n<div class=\"wp-block-essential-blocks-flipbox\"><div class=\"eb-flipbox-container eb-flipbox-5mc18v0 eb-flipbox-align-center\" data-id=\"eb-flipbox-5mc18v0\" data-flip-type=\"flip-left\"><div class=\"eb-flipper flip-left\"><div class=\"eb-flipbox-front\"><div class=\"eb-flipbox-items-container\"><div class=\"eb-flipbox-icon-wrapper\"><div class=\"eb-flipbox-front-image-container\"><img src=\"https:\/\/www.munteanu.com.ro\/blog\/wp-content\/uploads\/2021\/12\/icons.jpg\"\/><\/div><\/div><div class=\"eb-flipbox-front-title-wrapper\"><a href=\"#intr\" class=\"title-link\"><h3 class=\"eb-flipbox-front-title\">Introducere date: Word, Excel, Power Point<\/h3><\/a><\/div><div class=\"eb-flipbox-front-content-wrapper\"><p class=\"eb-flipbox-front-content\"><\/p><\/div><\/div><\/div><div class=\"eb-flipbox-back\"><div class=\"eb-flipbox-items-container\"><div class=\"eb-flipbox-icon-wrapper\"><div class=\"eb-flipbox-icon-back\" data-icon=\"fab fa-rev\"><span class=\"fab fa-rev\"><\/span><\/div><\/div><div class=\"eb-flipbox-back-title-wrapper\"><a href=\"#intr\" class=\"title-link\"><h3 class=\"eb-flipbox-back-title\">Introducere date: Word, Excel, Power Point<\/h3><\/a><\/div><div class=\"eb-flipbox-back-content-wrapper\"><p class=\"eb-flipbox-back-content\">Verificarea  conformit\u0103\u021bii documentelor, validarea \u0219i salvarea lor \u00een format electronic, pentru a putea fi stocate sau accesate mai simplu.<\/p><\/div><\/div><\/div><\/div><\/div><\/div>\n<\/div>\n\n\n\n<div class=\"wp-block-column\">\n<div class=\"wp-block-essential-blocks-flipbox\"><div class=\"eb-flipbox-container eb-flipbox-nk39a6x eb-flipbox-align-center\" data-id=\"eb-flipbox-nk39a6x\" data-flip-type=\"flip-left\"><div class=\"eb-flipper flip-left\"><div class=\"eb-flipbox-front\"><div class=\"eb-flipbox-items-container\"><div class=\"eb-flipbox-icon-wrapper\"><div class=\"eb-flipbox-front-image-container\"><img src=\"https:\/\/www.munteanu.com.ro\/blog\/wp-content\/uploads\/2021\/12\/carte-si-ochelari.jpg\"\/><\/div><\/div><div class=\"eb-flipbox-front-title-wrapper\"><a href=\"#srv_edit\" class=\"title-link\"><h3 class=\"eb-flipbox-front-title\">Servicii extinse de editare                               <\/h3><\/a><\/div><div class=\"eb-flipbox-front-content-wrapper\"><p class=\"eb-flipbox-front-content\"><\/p><\/div><\/div><\/div><div class=\"eb-flipbox-back\"><div class=\"eb-flipbox-items-container\"><div class=\"eb-flipbox-icon-wrapper\"><div class=\"eb-flipbox-icon-back\" data-icon=\"fab fa-rev\"><span class=\"fab fa-rev\"><\/span><\/div><\/div><div class=\"eb-flipbox-back-title-wrapper\"><a href=\"#srv_edit\" class=\"title-link\"><h3 class=\"eb-flipbox-back-title\">Servicii de editare<\/h3><\/a><\/div><div class=\"eb-flipbox-back-content-wrapper\"><p class=\"eb-flipbox-back-content\">O  gam\u0103 extins\u0103 de servicii editoriale necesare public\u0103rii unei c\u0103r\u0163i, de la consilierea autorului p\u00e2n\u0103 la servicii de redactare, corectur\u0103, tehnoredactare \u015fi traducere.<\/p><\/div><\/div><\/div><\/div><\/div><\/div>\n<\/div>\n<\/div>\n<\/div>\n\n\n\n<div class=\"wp-block-column\" style=\"flex-basis:20%\"><\/div>\n<\/div>\n\n\n\n<div style=\"height:100px\" aria-hidden=\"true\" class=\"wp-block-spacer\"><\/div>\n\n\n\n<div class=\"wp-block-columns\">\n<div class=\"wp-block-column is-vertically-aligned-center has-background\" style=\"background-color:#e2f2fd\">\n<p class=\"has-text-align-center\" id=\"org_doc\"> <strong>Organizarea \u0219i digitalizarea documentelor<\/strong><\/p>\n<\/div>\n<\/div>\n\n\n\n<div class=\"wp-block-columns\">\n<div class=\"wp-block-column\" style=\"flex-basis:20%\"><\/div>\n\n\n\n<div class=\"wp-block-column\" style=\"flex-basis:60%\">\n<p class=\"has-text-align-center\"> (opisare, digitalizare, ordonare, arhivare)<\/p>\n\n\n\n<p><strong><em>Serviciul de organizare a documentelor<\/em><\/strong>, de orice fel ar fi ele, are ca scop eficientizarea rela\u021biei oamenilor cu documentele lor. Organizarea poate fi at\u00e2t digitalizat\u0103 c\u00e2t \u0219i \u00een format fizic, scopul ei fiind de a-i ajuta pe deplin pe clien\u021bi, s\u0103 fie eficient\u0103 \u0219i productiv\u0103. <\/p>\n\n\n\n<p><strong>Organizarea profesional\u0103 a documentelor include:<\/strong><\/p>\n\n\n\n<ul><li>scanarea documentelor<\/li><li>activit\u0103\u021bi de ordonare a documentelor \u0219i organizarea lor digital\u0103 in foldere separate pe ani, felul documentelor, nume, cronologie etc.<\/li><li>activit\u0103\u021bi de ordonare a documentelor \u00een format fizic \u00een mape\/dosare\/folii organizate pe ani, tipul documentelor, nume, cronologie etc.<\/li><li>organizarea colec\u021biilor de lucr\u0103ri, specializate sau nu<\/li><li>elaborarea de cataloage<\/li><li>servicii scanare \u0219i organizare a arhivelor foto, at\u00e2t \u00een format digital c\u00e2t \u0219i \u00een format fizic.<\/li><li>culegerea, tehnoredactarea \u0219i corectarea documentelor<\/li><li>transcrierea documentelor<\/li><li>fotocopierea<\/li><li>multiplicarea <\/li><\/ul>\n\n\n\n<p><strong>Confiden\u021bialitate<\/strong><\/p>\n\n\n\n<p><br>Se respect\u0103 natura confiden\u0163ial\u0103 a documentelor furnizate precum \u015fi a oric\u0103ror informa\u0163ii primite sau aflate din sau \u00een leg\u0103tur\u0103 cu serviciile pe care le execut. Orice documente \u015fi informa\u0163ii furnizate de Beneficiar \u00een executarea serviciilor sunt confiden\u0163iale.<\/p>\n\n\n\n<p>Se asigur\u0103 \u0219i se p\u0103streaz\u0103 confiden\u0163ialitatea cu privire la toate documentele \u015fi informa\u0163iile, pe \u00eentreaga perioad\u0103 a execut\u0103rii serviciilor, precum \u015fi dup\u0103 \u00eencetarea acestora, f\u0103r\u0103 limitare \u00een timp.<\/p>\n\n\n\n<p>Toate datele cu caracter personal ale P\u0103r\u0163ii care divulg\u0103 datele sau ale ter\u0163elor p\u0103r\u0163i care divulg\u0103 datele se vor utiliza exclusiv \u00een scopul \u00eendeplinirii obiectului serviciilor contractate, cu respectarea legilor na\u0163ionale privind protec\u0163ia datelor \u015fi a Regulamentului General privind Protec\u0163ia Datelor nr. 679\/2016 (GDPR).<\/p>\n\n\n\n<p>La \u00eencetarea serviciilor se vor returna toate datele cu caracter personal primite, precum \u015fi rezultatele prelucr\u0103rii acestor date \u015fi se vor \u015fterge toate copiile acestora, cu excep\u0163ia situa\u0163iei \u00een care unele date trebuie p\u0103strate \u00een vederea respect\u0103rii unor obliga\u0163ii legale de p\u0103strare.<\/p>\n\n\n\n<figure class=\"wp-block-image size-full\"><a href=\"https:\/\/www.munteanu.com.ro\/blog\/wp-content\/uploads\/2021\/12\/confidential-1.jpg\"><img loading=\"lazy\" width=\"638\" height=\"200\" src=\"https:\/\/www.munteanu.com.ro\/blog\/wp-content\/uploads\/2021\/12\/confidential-1.jpg\" alt=\"\" class=\"wp-image-318\" srcset=\"https:\/\/www.munteanu.com.ro\/blog\/wp-content\/uploads\/2021\/12\/confidential-1.jpg 638w, https:\/\/www.munteanu.com.ro\/blog\/wp-content\/uploads\/2021\/12\/confidential-1-300x94.jpg 300w\" sizes=\"(max-width: 638px) 100vw, 638px\" \/><\/a><\/figure>\n\n\n\n<p class=\"has-text-align-right has-vivid-cyan-blue-color has-text-color\"><a href=\"#home_one\">Home<\/a><\/p>\n<\/div>\n\n\n\n<div class=\"wp-block-column\" style=\"flex-basis:20%\"><\/div>\n<\/div>\n\n\n\n<div style=\"height:100px\" aria-hidden=\"true\" class=\"wp-block-spacer\"><\/div>\n\n\n\n<div class=\"wp-block-columns\">\n<div class=\"wp-block-column is-vertically-aligned-center has-background\" style=\"background-color:#f1f0f8\">\n<p class=\"has-text-align-center\" id=\"intr\">I<strong>ntroducere date:  Word, Excel, Power Point<\/strong><\/p>\n<\/div>\n<\/div>\n\n\n\n<div class=\"wp-block-columns\">\n<div class=\"wp-block-column\" style=\"flex-basis:20%\"><\/div>\n\n\n\n<div class=\"wp-block-column\" style=\"flex-basis:60%\">\n<ul><li><strong>Verificarea conformit\u0103\u021bii documentelor<\/strong>, validarea \u0219i salvarea lor \u00een format electronic, pentru a putea fi stocate sau accesate mai simplu.<\/li><li><strong>Preluarea datelor de pe documentele primare<\/strong> \u0219i introducerea acestora \u00een calculator.<\/li><li><strong>Selec\u021bia \u0219i verificarea documentelor<\/strong> \u00eenainte de a le ad\u0103uga \u00een baza de date.<\/li><li><strong>Corectarea erorilor<\/strong> \u00eent\u00e2lnite \u00een documente sau, dup\u0103 caz, raportarea lor c\u0103tre Beneficiar.<\/li><li><strong>Salvarea \u0219i stocarea datelor<\/strong> \u00een siguran\u021b\u0103, restaurarea acestora la nevoie, realizarea de copii de siguran\u021b\u0103.<\/li><li>P\u00e2n\u0103 la <strong><em>predarea final\u0103 <\/em><\/strong>a documentelor se vor lua m\u0103suri de securitate, pentru a preveni accesarea sau distrugerea datelor de c\u0103tre persoanele neautorizate.<\/li><\/ul>\n\n\n\n<p class=\"has-text-align-right has-vivid-cyan-blue-color has-text-color\"><a href=\"#home_one\">Home<\/a><\/p>\n<\/div>\n\n\n\n<div class=\"wp-block-column\" style=\"flex-basis:20%\"><\/div>\n<\/div>\n\n\n\n<div style=\"height:100px\" aria-hidden=\"true\" class=\"wp-block-spacer\"><\/div>\n\n\n\n<div class=\"wp-block-columns\">\n<div class=\"wp-block-column has-background\" style=\"background-color:#fff1f9\" id=\"srv_edit\">\n<p class=\"has-text-align-center\" id=\"srv_edit\"><strong>Servicii de editare<\/strong><\/p>\n<\/div>\n<\/div>\n\n\n\n<div class=\"wp-block-columns\">\n<div class=\"wp-block-column\" style=\"flex-basis:20%\"><\/div>\n\n\n\n<div class=\"wp-block-column\" style=\"flex-basis:60%\">\n<p>O gam\u0103 extins\u0103 de <em>servicii editoriale <\/em>necesare public\u0103rii unei c\u0103r\u0163i, de la consilierea autorului p\u00e2n\u0103 la servicii de redactare, corectur\u0103, tehnoredactare \u015fi traducere.<\/p>\n\n\n\n<p><strong>\u2022 ISBN<\/strong><\/p>\n\n\n\n<p><strong>\u2022 Corectura<\/strong><br>Se refer\u0103 la depistarea \u015fi corectarea erorilor de culegere a textului sau a celor de ortografie \u015fi punctua\u0163ie, f\u0103r\u0103 a se interveni \u00een formularea frazei \u015fi se poate executa at\u00e2t \u00eenainte, c\u00e2t \u015fi dup\u0103 redactarea sau tehnoredactarea materialului.<\/p>\n\n\n\n<p><strong>\u2022 Introducere diacritice (\u0103, \u00ee, \u00e2, \u0219,\u021b, \u0102, \u00ce, \u00c2, \u0218, \u021a)<\/strong><\/p>\n\n\n\n<p><strong>\u2022 Tehnoredactare<\/strong><br>Tehnoredactarea. In urma aplic\u0103rii unei serii de opera\u0163ii de prelucrare asupra manuscrisului t\u0103u, se are \u00een vedere ob\u0163inerea unui document cu calit\u0103\u0163i grafice superioare, lizibil, cu un aspect pl\u0103cut \u015fi cu o form\u0103 de prezentare adaptat\u0103 la con\u0163inut.<br>Designul sau grafica de carte. Are un rol foarte important \u00een preg\u0103tirea paginilor: cum vor \u00eencepe \u015fi cum se vor \u00eencheia capitolele, dac\u0103 exist\u0103 note de subsol etc. Pentru c\u0103r\u0163ile care con\u0163in ilustra\u0163ii sau imagini este important cum sunt folosite culorile, tip\u0103rirea lor, designul coper\u021bilor \u015fi a materialelor adiacente precum postere, cataloage cu imagini etc.<\/p>\n\n\n\n<p><strong>\u2022 Prelucrare imagini<\/strong><\/p>\n\n\n\n<p><strong>\u2022 Design de copert\u0103<\/strong><br>Coperta realizat\u0103 de un profesionist atrage privirile cititorului, \u00eel determin\u0103 s\u0103 o r\u0103sfoiasc\u0103. Prima impresie conteaz\u0103, a\u015fadar este important felul \u00een care sunt dispuse pe coper\u021bi titlul c\u0103r\u0163ii, subtitlul, numele autorului etc.<\/p>\n\n\n\n<p><strong>\u2022 Ilustra\u0163iile de copert\u0103 (fotografii, desene etc.) <\/strong>au pre\u0163 separat de designul de copert\u0103 \u015fi se vor pl\u0103ti \u00een func\u0163ie de imaginea aleas\u0103. Respect\u0103m dreptul autorilor \u015fi, de aceea folosim \u00eentotdeauna imagini pentru care se pl\u0103tesc drepturile de autor fotografilor sau ilustratorilor care le-au creat.<\/p>\n\n\n\n<p><strong>\u2022 Achizi\u0163ionare ilustra\u0163ie copert\u0103<\/strong><\/p>\n\n\n\n<p><strong>\u2022 Verificarea \u015fi preg\u0103tirea documentelor pentru tipa<\/strong>r<\/p>\n\n\n\n<p><strong>\u2022 Realizare PDF<\/strong><\/p>\n\n\n\n<p><strong>\u2022 Crea\u0163ie de text pentru coperta a IV-a a c\u0103r\u0163ii<\/strong><br>Textul de pe coperta a IV-a a c\u0103r\u0163ii are un impact demonstrat \u00een v\u00e2nzarea unei c\u0103r\u0163i. Pot pune \u00een eviden\u0163\u0103 cartea printr-un text de copert\u0103 care s\u0103-i atrag\u0103 aten\u0163ia cititorului \u015fi s\u0103 sublinieze principalele beneficii ale citirii c\u0103r\u0163ii.<\/p>\n\n\n\n<p><strong>\u2022 Traducere<\/strong><br>\u00een englez\u0103, francez\u0103, spaniol\u0103, german\u0103, italian\u0103.<\/p>\n\n\n\n<p class=\"has-text-align-right has-vivid-cyan-blue-color has-text-color\"><a href=\"#home_one\">Home<\/a><\/p>\n<\/div>\n\n\n\n<div class=\"wp-block-column\" style=\"flex-basis:20%\"><\/div>\n<\/div>\n\n\n\n<div style=\"height:100px\" aria-hidden=\"true\" class=\"wp-block-spacer\"><\/div>\n","protected":false},"excerpt":{"rendered":"<p>Organizarea \u0219i digitalizarea documentelor (opisare, digitalizare, ordonare, arhivare) Serviciul de organizare a documentelor, de orice fel ar fi ele, are ca scop eficientizarea rela\u021biei oamenilor cu documentele lor. Organizarea poate fi at\u00e2t digitalizat\u0103 c\u00e2t \u0219i \u00een format fizic, scopul ei fiind de a-i ajuta pe deplin pe clien\u021bi, s\u0103 fie eficient\u0103 \u0219i productiv\u0103. Organizarea profesional\u0103 &hellip; <\/p>\n<p class=\"link-more\"><a href=\"https:\/\/www.munteanu.com.ro\/blog\/\" class=\"more-link\">Continue reading<span class=\"screen-reader-text\"> &#8220;Home&#8221;<\/span><\/a><\/p>\n","protected":false},"author":1,"featured_media":0,"parent":0,"menu_order":0,"comment_status":"closed","ping_status":"closed","template":"elementor_header_footer","meta":{"_eb_attr":""},"_links":{"self":[{"href":"https:\/\/www.munteanu.com.ro\/blog\/wp-json\/wp\/v2\/pages\/143"}],"collection":[{"href":"https:\/\/www.munteanu.com.ro\/blog\/wp-json\/wp\/v2\/pages"}],"about":[{"href":"https:\/\/www.munteanu.com.ro\/blog\/wp-json\/wp\/v2\/types\/page"}],"author":[{"embeddable":true,"href":"https:\/\/www.munteanu.com.ro\/blog\/wp-json\/wp\/v2\/users\/1"}],"replies":[{"embeddable":true,"href":"https:\/\/www.munteanu.com.ro\/blog\/wp-json\/wp\/v2\/comments?post=143"}],"version-history":[{"count":115,"href":"https:\/\/www.munteanu.com.ro\/blog\/wp-json\/wp\/v2\/pages\/143\/revisions"}],"predecessor-version":[{"id":400,"href":"https:\/\/www.munteanu.com.ro\/blog\/wp-json\/wp\/v2\/pages\/143\/revisions\/400"}],"wp:attachment":[{"href":"https:\/\/www.munteanu.com.ro\/blog\/wp-json\/wp\/v2\/media?parent=143"}],"curies":[{"name":"wp","href":"https:\/\/api.w.org\/{rel}","templated":true}]}}