{"id":258,"date":"2021-12-12T11:31:40","date_gmt":"2021-12-12T11:31:40","guid":{"rendered":"https:\/\/www.munteanu.com.ro\/blog\/?page_id=258"},"modified":"2021-12-12T11:31:40","modified_gmt":"2021-12-12T11:31:40","slug":"termenii-si-conditiile-de-utilizare-a-site-ului-www-munteanu-com-ro","status":"publish","type":"page","link":"https:\/\/www.munteanu.com.ro\/blog\/termenii-si-conditiile-de-utilizare-a-site-ului-www-munteanu-com-ro\/","title":{"rendered":"Termenii \u0219i condi\u021biile de utilizare a site-ului www.munteanu.com.ro"},"content":{"rendered":"\n<p><strong>1. Prevederi generale<\/strong><strong><\/strong><\/p>\n\n\n\n<p>&nbsp;&nbsp;&nbsp;&nbsp;&nbsp;&nbsp;&nbsp;&nbsp;&nbsp;&nbsp;&nbsp; Prezentele <strong>\u201eTermeni \u0219i Condi\u021bii\u201d<\/strong> guverneaz\u0103 utilizarea website-ului www.munteanu.com.ro &nbsp;(denumit \u00een continuare <strong>\u201eSite-ul\u201d<\/strong>) \u0219i raporturile dintre administratorul www.munteanu.com.ro &nbsp;(denumit \u00een continuare \u201eAdministrator\u201d) \u0219i persoanele care utilizeaz\u0103 (<strong>\u201eUtilizatorul\u201d<\/strong>) pagina de internet www.munteanu.com.ro &nbsp;\u0219i\/sau serviciile oferite prin intermediul \u201eSite-ului\u201d.<\/p>\n\n\n\n<p>Accesarea \u0219i utilizarea Site-ului, inclusiv a oric\u0103rei pagini sau sec\u021biuni componente ale acestora, sau a oric\u0103rui Serviciu furnizat prin intermediul Site-ului se poate face numai \u00een conformitate cu prezentele \u201eTermeni \u0219i Condi\u021bii\u201d, care includ Politica de Confiden\u021bialitate a Datelor \u0219i Politica privind Cookies.<\/p>\n\n\n\n<p>Pentru utilizarea serviciilor, putem solicita utilizatorului s\u0103 \u00ee\u0219i exprime acordul cu privire la ace\u0219ti termeni. Vi se va solicita \u00een mod specific acceptarea Termenilor \u0219i Condi\u021biilor, prin bifarea c\u0103sutei aferente. Prin acceptarea Termenilor \u0219i Condi\u021biilor, sunteti de acord s\u0103 respecta\u021bi Termenii \u0219i Condi\u021biile \u00een versiunea publicat\u0103 pe Site-ul nostru, la momentul vizitei dvs.<\/p>\n\n\n\n<p>Pentru a asigura respectarea condi\u021biilor de utilizare \u0219i acces, \u201eUtilizatorul\u201d trebuie s\u0103 verifice rubrica \u201eTermeni \u0219i Condi\u021bii\u201d \u00een momentul fiec\u0103rei acces\u0103ri a \u201eSite-ului\u201d.<\/p>\n\n\n\n<p>Dac\u0103 omite\u021bi s\u0103 analiza\u021bi \u201eTermeni \u0219i Condi\u021bii\u201d, dar utiliza\u021bi <a href=\"http:\/\/www.civicpress.ro\">www.munteanu.com.ro <\/a>&nbsp;se va considera acceptarea acestui set de \u201eTermeni \u0219i Condi\u021bii\u201d (inclusiv orice actualizare a acestora).<\/p>\n\n\n\n<p>Prin utilizarea Site-ului confirma\u021bi c\u0103 accepta\u021bi \u0219i sunte\u021bi de acord cu ace\u0219ti \u201eTermeni \u0219i Condi\u021bii\u201d.<\/p>\n\n\n\n<p>Dac\u0103 nu sunte\u021bi de acord cu Termenii \u0219i Condi\u021biile de mai jos, nu utiliza\u021bi acest Site.<\/p>\n\n\n\n<p><strong>2. Utilizarea Site-ului. <\/strong><strong><\/strong><\/p>\n\n\n\n<p>Accesarea Site-ului&nbsp;www.munteanu.com.ro &nbsp;este gratuit\u0103, navigarea \u00een Site nefiind condi\u021bionat\u0103 de \u00eenregistrarea ca utilizator.&nbsp;<\/p>\n\n\n\n<p>Totu\u0219i, anumite servicii oferite de Site (de ex. primirea newsletterului&nbsp;www.munteanu.com.ro ) pot fi accesate doar de utilizatorii \u00eenregistra\u021bi prin crearea unui cont de utilizator pe Site.&nbsp;<\/p>\n\n\n\n<p>Utilizatorii &nbsp;persoane fizice trebuie s\u0103 aib\u0103 cel pu\u021bin 18 ani \u00eemplini\u021bi \u0219i s\u0103 aib\u0103 capacitatea de a-\u0219i asuma obliga\u021biile prev\u0103zute \u00een prezen\u021bii \u201eTermeni \u0219i Condi\u021bii\u201d \u0219i de a se conforma prevederilor acestora.<\/p>\n\n\n\n<p>&nbsp;&nbsp;&nbsp;&nbsp;&nbsp;&nbsp;&nbsp;&nbsp;&nbsp;&nbsp;&nbsp; \u201eAdministratorul\u201d \u00ee\u0219i rezerv\u0103 dreptul de a suspenda sau \u00eenchide conturi de utilizatori, de a bloca sau suspenda accesul pe Site, de a modifica sau elimina texte, comentarii, imagini, \u00een special dac\u0103 noi consider\u0103m \u00een mod rezonabil c\u0103 utiliza\u021bi Site-ul nostru \u00een orice mod care este contrar oric\u0103rora dintre ace\u0219ti \u201eTermeni \u0219i Condi\u021bii\u201d sau \u00eentr-un mod d\u0103unator.<\/p>\n\n\n\n<p><strong>3. Proprietatea intelectual\u0103. (sau Dreptul de Proprietate)<\/strong><\/p>\n\n\n\n<p>Articolele (texte, imagini etc) publicate de &nbsp;www.munteanu.com.ro &nbsp;se afl\u0103 sub protec\u021bia legilor privind drepturile de proprietate intelectual\u0103 (cum ar fi \u2013 dar nu limitativ la: Legea 8\/1996 privind dreptul de autor \u0219i drepturile conexe, Legea 84\/1998 privind m\u0103rcile \u0219i indica\u021biile geografice). Reproducerea oric\u0103rui material scris sau ilustrativ din aceste articole este categoric interzis\u0103 \u00een lipsa consim\u021b\u0103m\u00e2ntului prealabil al editorului.<\/p>\n\n\n\n<p>Preluarea de informa\u0163ii de c\u0103tre alte site-uri web de orice fel poate fi f\u0103cut\u0103 numai \u00een acord cu termenii agrea\u0163i de c\u0103tre Clubul Rom\u00e2n de Pres\u0103: \u201eConsiliul de Onoare consider\u0103 c\u0103 preluarea f\u0103r\u0103 cost a unor materiale de pres\u0103 se poate realiza doar \u00een limita a 500 de semne, dar f\u0103r\u0103 a dep\u0103\u015fi jum\u0103tate din articolul sau \u015ftirea \u00een cauz\u0103, asigur\u00e2ndu-se astfel at\u00e2t libera circula\u0163ie a informa\u0163iei, c\u00e2t \u015fi caracterul de \u00abrevist\u0103 a presei\u00bb sus\u0163inut de paginile de internet \u00een cauz\u0103. \u00cen mod obligatoriu, \u00een aceste cazuri, trebuie citat\u0103 sursa informa\u0163iei. Preluarea a mai mult dec\u00e2t cele prev\u0103zute anterior se poate realiza doar \u00een condi\u0163iile unui acord, financiar sau de alt\u0103 natur\u0103, \u00eencheiat cu de\u0163in\u0103torul drepturilor\u201d.<\/p>\n\n\n\n<p>Sursa munteanu.com.ro va fi citat\u0103, cu link c\u0103tre site, \u00een primul paragraf (ex.: \u201e\u2026, preluat de pe munteanu.com.ro\u201d). La sf\u00e2r\u015fitul ultimului paragraf al \u015ftirii \u015fi \u00een cadrul acestuia se va preciza &#8220;Integral pe munteanu.com.ro\u201d (sau o formul\u0103 echivalent\u0103, practicat\u0103 de site-urile \u00een cauz\u0103), aceast\u0103 formul\u0103 av\u00e2nd link c\u0103tre munteanu.com.ro.<\/p>\n\n\n\n<p>De asemenea, la sf\u00e2r\u015fitul \u015ftirii, dup\u0103 ultimul paragraf \u015fi \u00een afara acestuia (sau la \u00eenceputul \u015ftirii, \u00een func\u0163ie de layout-urile site-urilor \u00een cauz\u0103), se va preciza \u00een mod vizibil: &#8220;SURSA: munteanu.com.ro\u201d, cu link c\u0103tre site-ul munteanu.com.ro.<\/p>\n\n\n\n<p>Mediile offline se supun de asemenea termenilor agrea\u0163i de c\u0103tre CRP \u015fi \u00een conformitate cu prevederile Legii drepturilor de autor din Rom\u00e2nia.<\/p>\n\n\n\n<p>Informa\u021biile cuprinse \u00een aceste articole, precum \u0219i informa\u021biile provenind din cadrul bannerelor publicitare sau al promo\u021biilor, al concursurilor con\u021binute \u00een site-ul&nbsp;munteanu.com.ro&nbsp;sunt protejate de legile privind drepturile de proprietate intelectual\u0103, mai sus enumerate. Vizitatorii sau utilizatorii site-ului&nbsp;munteanu.com.ro&nbsp;nu au dreptul s\u0103 preia, s\u0103 v\u00e2nd\u0103, s\u0103 reproduc\u0103 sau s\u0103 distribuie materiale provenind din site-ul&nbsp;munteanu.com.ro, doar dac\u0103 \u00een materialul respectiv nu este stipulat altfel \u00een mod explicit de c\u0103tre \u201eAdministrator\u201d.<\/p>\n\n\n\n<p>Denumirea, sigla \u0219i sloganul asociat apar\u021bine lui Master Class \u0219i nu pot fi folosite dec\u00e2t cu acordul prealabil scris al proprietarului.<\/p>\n\n\n\n<p>Este interzis\u0103 utilizarea sau downloadarea fotografiilor, m\u0103rcilor, logo-urilor \u0219i\/sau a con\u021binutului afi\u0219at pe Site-ul www.munteanu.com.ro .&nbsp; Nicio prevedere din ace\u0219ti \u201eTermeni \u0219i Condi\u021bii\u201d \u0219i nicio informa\u021bie de pe Site nu pot fi interpretate ca acord\u00e2nd orice licen\u021b\u0103 sau drept de utilizare a oric\u0103rei fotografii, m\u0103rci, logo sau con\u021binut afi\u0219ate pe Site f\u0103r\u0103 acordul scris al Administratorului sau al proprietarului acestora.<\/p>\n\n\n\n<p>Con\u021binutul \u0219i design-ul munteanu.com.ro, precum \u0219i orice alte materiale afi\u0219ate pe Site sau care sunt furnizate utilizatorului (e.g. fotografii, ilustra\u021bii, elemente grafice, articole de pres\u0103 \u0219i orice alte materiale), apar\u021bin Administratorului \u0219i\/sau partenerilor \u0219i\/sau colaboratorilor acestuia.<\/p>\n\n\n\n<p>Utilizarea Site-ului nu acord\u0103 Utilizatorului niciun drept asupra con\u021binutului, imaginilor, informa\u021biilor, materialelor, articolelor sau datelor la care ace\u0219tia au acces pe Site.<\/p>\n\n\n\n<p>Utilizatorul \u00eenregistrat nu poate utiliza, transmite, reproduce sau permite altor persoane s\u0103 utilizeze, s\u0103 transmit\u0103 sau s\u0103 reproduc\u0103 materialele afi\u0219ate pe Site f\u0103r\u0103 acordul scris prealabil al Administratorului \u0219i\/sau al proprietarului informa\u021biilor respective.<\/p>\n\n\n\n<p><strong>4. Reclama\u021bii privind \u00eenc\u0103lcarea dreptului de proprietate intelectual\u0103<\/strong><strong><\/strong><\/p>\n\n\n\n<p>\u201eAdministratorul\u201d respect\u0103 dreptul de proprietate intelectual\u0103 al ter\u021bilor. Dac\u0103 a\u021bi observat c\u0103 Site-ul con\u021bine informa\u021bii care \u00eencalc\u0103 dreptul de proprietate intelectual\u0103, v\u0103 rug\u0103m s\u0103 ne transmite\u021bi&nbsp; o notificare \u00een acest sens, furniz\u00e2ndu-ne urm\u0103toarele informa\u021bii: numele \u0219i prenumele dvs, adresa, telefon \u0219i e-mail, descrierea lucr\u0103rii protejate de dreptul de proprietate intelectual\u0103 \u00eenc\u0103lcat, unde se afl\u0103 materialul care \u00eencalc\u0103 dreptul de proprietate intelectual\u0103, confirmarea faptului c\u0103 sunte\u021bi proprietarul operei sau reprezentantul autorizat al acestuia \u0219i c\u0103 notificarea de \u00eenc\u0103lcare este \u00eentemeiat\u0103.<\/p>\n\n\n\n<p>Comunicarea poate fi transmis\u0103 prin email la adresa contact@munteanu.com.ro sau la adresa de coresponden\u021b\u0103 din sec\u021biunea Contact a Site-ului.<\/p>\n\n\n\n<p><strong>5. Con\u021binutul mesajelor utilizatorilor<\/strong><strong><\/strong><\/p>\n\n\n\n<p>Prin \u00eenregistrarea pe <a href=\"http:\/\/www.civicpress.ro\">www.munteanu.com.ro <\/a>&nbsp;utilizatorilor li se ofer\u0103 urm\u0103toarele facilit\u0103\u021bi<\/p>\n\n\n\n<p>Posibilitatea de a posta comentarii \u00een site<\/p>\n\n\n\n<p>Posibilitatea de a interac\u021biona cu ceilal\u021bi utilizatori<\/p>\n\n\n\n<p>Utilizatorii sunt \u00een exclusivitate r\u0103spunz\u0103tori pentru con\u021binutul mesajelor lor.<\/p>\n\n\n\n<p>Toate mesajele exprim\u0103 doar punctul de vedere \u0219i opiniile autorilor acestora; \u00eentreaga responsabilitate, din punct de vedere legal, revine \u00een \u00eentregime autorilor at\u00e2t \u00een cazul articolelor postate pe&nbsp;munteanu.com.ro c\u00e2t \u0219i a mesajelor \u0219i materialelor postate de utilizatori.<\/p>\n\n\n\n<p>Pentru ca \u00een cadrul sec\u021biunii de comentarii puse la dispozi\u021bie de&nbsp;www.munteanu.com.ro &nbsp;s\u0103 se stabileasc\u0103 o legatur\u0103 de comunicare bazat\u0103 pe decen\u021b\u0103 \u0219i respect reciproc, rug\u0103m to\u021bi utilizatorii s\u0103 \u021bin\u0103 cont de urm\u0103toarele reguli:<\/p>\n\n\n\n<p>nu utiliza\u021bi un limbaj indecent; injuriile de orice fel nu sunt permise; nu este permis\u0103 folosirea numelor care con\u021bin injurii, trivialit\u0103\u021bi, cuvinte vulgare;<\/p>\n\n\n\n<p>nu sunt permise mesajele antisociale; cele care incit\u0103 la ac\u021biuni ilegale, la violen\u021b\u0103 sau xenofobie;<\/p>\n\n\n\n<p>nu sunt permise post\u0103rile care con\u021bin discrimin\u0103ri, indiferent dac\u0103 acestea se refer\u0103 la sex, v\u00e2rst\u0103, religie, orientare sexuala etc;<\/p>\n\n\n\n<p>este interzis\u0103 postarea, \u00eenc\u0103rcarea sau transmiterea sub orice fel de pe\u00a0munteanu.com.ro\u00a0a materialelor ilegale sau a materialelor care nu respect\u0103 legisla\u021bia aplicabil\u0103, inclusiv legisla\u021bia \u00een materia drepturilor de autor, a m\u0103rcilor sau altor drepturi de proprietate industrial\u0103;<\/p>\n\n\n\n<p>este interzis\u0103 folosirea site-ului\u00a0munteanu.com.ro\u00a0pentru postarea sau transmiterea de mesaje de tip publicitar, promo\u021bional sau \u201espam\u201d;<\/p>\n\n\n\n<p>Orice abatere de la acest regulament va duce la \u0219tergerea sau modificarea mesajului postat;<\/p>\n\n\n\n<p>\u201eAdministratorul\u201d nu garanteaz\u0103 c\u0103 informa\u021biile introduse de utilizatorii website-ului sunt reale, corecte \u0219i nu \u00ee\u0219i asum\u0103 r\u0103spunderea pentru modul \u00een care vizitatorii le folosesc;<\/p>\n\n\n\n<p>\u201eAdministratorul\u201d nu garanteaz\u0103 c\u0103 informa\u021biile sau serviciile de pe&nbsp;munteanu.com.ro&nbsp;vor satisface toate cerin\u021bele vizitatorilor;<\/p>\n\n\n\n<p>\u201eAdministratorul\u201d nu garanteaz\u0103 c\u0103 serviciile din&nbsp;munteanu.com.ro&nbsp;vor func\u021biona constant, ne\u00eentrerupt, f\u0103r\u0103 erori;<\/p>\n\n\n\n<p>\u201eAdministratorul\u201d nu \u00ee\u0219i asum\u0103 responsabilitatea pentru eventualele pagube pe care Utilizatorii le-ar putea avea din cauza nefunc\u021bion\u0103rii temporare sau defectuoase a site-ului&nbsp;munteanu.com.ro&nbsp;sau pentru folosirea informa\u021biilor ob\u021binute prin utilizarea link-urilor din&nbsp;munteanu.com.ro&nbsp;c\u0103tre alte site-uri (utilizarea lor este la latitudinea Utilizatorilor).<\/p>\n\n\n\n<p><strong>6. Comentarii, comunic\u0103ri \u0219i alte tipuri de con\u021binut<\/strong><strong><\/strong><\/p>\n\n\n\n<p>Utilizatorii pot posta comentarii \u0219i pot trimite sugestii,&nbsp; cu condi\u021bia ca prin con\u021binutul materialelor transmise s\u0103 nu \u00eencalce prevederile legale, dreptul persoanelor la via\u021b\u0103 privat\u0103, drepturile de proprietate intelectual\u0103, s\u0103 nu fie ilegal, obscen, amenin\u021b\u0103tor, def\u0103imator, rasist, discriminator, instigator, s\u0103 nu con\u021bin\u0103 viru\u0219i, comunic\u0103ri comerciale, politice, mesaje colective sau vreo form\u0103 de spam.&nbsp;<\/p>\n\n\n\n<p>\u201eAdministratorul\u201d are dreptul, f\u0103r\u0103 a fi obligat\u0103 \u00een acest sens, de a monitoriza, elimina sau modifica orice con\u021binut postat de utilizatori sau activit\u0103\u021bi ale utilizatorilor pe Site. \u201eAdministratorul\u201d&nbsp; nu are obliga\u021bia de a revedea periodic acest continut.<\/p>\n\n\n\n<p>\u201eAdministratorul\u201d are dreptul de a nu publica toate comentariile \u0219i articolele propuse de c\u0103tre utilizatori.<\/p>\n\n\n\n<p>O dat\u0103 cu postarea de comentarii, comunic\u0103ri \u0219i alte tipuri de con\u021binut pe Site, transmi\u021b\u0103torul con\u021binutului respectiv transmite Administratorului drepturile de proprietate intelectual\u0103 asupra materialelor postate, \u00een mod neexclusiv, pe toat\u0103 durata protec\u021biei dreptului de autor \u0219i irevocabil. Prin postarea de comentarii, comunic\u0103ri \u0219i alte tipuri de con\u021binut pe Site, transmi\u021b\u0103torul con\u021binutului respectiv \u00eei d\u0103 dreptul Societ\u0103\u021bii de a folosi numele s\u0103u \u00een rela\u021bie cu materialele postate, garanteaz\u0103 c\u0103 de\u021bine dreptul de proprietate intelectual\u0103 asupra materialelor postate \u0219i\/sau c\u0103 are dreptul s\u0103 le posteze \u0219i s\u0103 le distribuie c\u0103tre ter\u021bi, c\u0103 materialele postate nu \u00eencalc\u0103 nicio lege \u0219i nu \u00eencalc\u0103 drepturile unor ter\u021be persoane.<\/p>\n\n\n\n<p>\u201eAdministratorul\u201d are dreptul de a transmite, adapta, modifica, reproduce, publica \u0219i distribui materialele postate de utilizatori, prin orice mijloc de comunicare \u00een mas\u0103 \u0219i \u00een orice teritoriu geografic.<\/p>\n\n\n\n<p>\u201eAdministratorul\u201d nu este responsabil \u0219i nu \u00ee\u0219i asum\u0103 responsabilitatea pentru niciunul dintre materialele postate de c\u0103tre ter\u021be p\u0103r\u021bi pe Site.<\/p>\n\n\n\n<p><strong>7. Datele personale<\/strong><strong><\/strong><\/p>\n\n\n\n<p>Conform Legii nr. 677\/2001 pentru protec\u021bia persoanelor cu privire la prelucrarea datelor cu caracter personal \u0219i libera circula\u021bie a acestor date, \u201eAdministratorul\u201d are obliga\u021bia de a administra \u00een condi\u021bii de siguran\u021b\u0103 \u0219i numai pentru scopurile specificate, datele personale pe care utilizatorii le furnizeaz\u0103.<\/p>\n\n\n\n<p>Pentru \u00eenregistrarea ca utilizator al Site-ului, Utilizatorul va trebui s\u0103 furnizeze date personale dup\u0103 cum acestea sunt solicitate \u00een cadrul Site-ului (e.g. nume \u0219i prenume, domiciliu, adresa de email, telefon, care s\u0103 permita, identificarea acestuia ca utilizator al Site-ului).&nbsp;<\/p>\n\n\n\n<p>Utilizatorul \u00eenregistrat este r\u0103spunzator de corectitudinea \u0219i acurate\u021bea datelor furnizate \u0219i pentru actualizarea acestor date ori de c\u00e2te ori este cazul.<\/p>\n\n\n\n<p>\u201eAdministratorul\u201d &nbsp;va lua toate m\u0103surile pentru a asigura confiden\u021bialitatea datelor personale furnizate de utilizatori, protej\u00e2ndu-le \u00eempotriva distrugerii accidentale sau ilegale, pierderii, modific\u0103rii, dezv\u0103luirii sau accesului neautorizat, precum \u0219i \u00eempotriva oricarei alte forme de prelucrare ilegal\u0103, folosind, \u00een acest scop, mijloace tehnice adecvate \u00een conformitate cu prevederile legii. \u201eAdministratorul\u201d &nbsp;nu poate fi \u021binut\u0103 responsabil\u0103 pentru disemin\u0103ri de date personale cauzate de fapte sau acte ale utilizatorului, sau de situa\u021bii care exced controlului Administratorului.<\/p>\n\n\n\n<p>Politica privind Prelucrarea datelor cu caracter personal, afi\u0219at\u0103 pe Site, detaliaz\u0103 drepturile utilizatorilor \u00eenregistra\u021bi cu privire la protec\u021bia datelor cu caracter personal.<\/p>\n\n\n\n<p><strong>8. Modific\u0103ri&nbsp;<\/strong><strong><\/strong><\/p>\n\n\n\n<p>\u201eAdministratorul\u201d &nbsp;\u00ee\u0219i rezerv\u0103 dreptul de a modifica, completa sau elimina oric\u00e2nd orice clauz\u0103 a acestor \u201eTermeni \u0219i Condi\u021bii\u201d, total sau partial. Orice modificare a acestor \u201eTermeni \u0219i Condi\u021bii\u201d va fi efectiv\u0103 de la data post\u0103rii.&nbsp;<\/p>\n\n\n\n<p>\u00centruc\u00e2t prezen\u021bii \u201eTermeni \u0219i Condi\u021bii\u201d, inclusiv Politica privind prelucrarea datelor cu caracter personal, pot fi modificate, utilizatorii sunt ruga\u021bi s\u0103 le revad\u0103 periodic. \u00cen condi\u021biile \u00een care utilizatorii nu sunt de acord cu prevederile acestora, nu trebuie s\u0103 mai acceseze\/foloseasc\u0103 serviciile www.munteanu.com.ro .&nbsp;Utilizarea \u00een continuare a Site-ului dup\u0103 postarea oric\u0103rei astfel de modific\u0103ri va fi interpretat\u0103 ca o acceptare a acestor modific\u0103ri.<\/p>\n\n\n\n<p><strong>9. \u00cencetare<\/strong><strong><\/strong><\/p>\n\n\n\n<p>\u201eAdministratorul\u201d&nbsp; poate termina, schimba sau suspenda orice por\u021biune a Site-ului sau serviciile oferite pe Site \u0219i poate restric\u021biona, suspenda sau bloca accesul ter\u021bilor la Site f\u0103r\u0103 notificare prealabil\u0103.<\/p>\n\n\n\n<p><strong>10. Legislatia aplicabila<\/strong><strong><\/strong><\/p>\n\n\n\n<p>Rela\u021bia dintre \u201eAdministrator\u201d \u0219i utilizatori, precum \u0219i ace\u0219ti \u201eTermeni \u0219i Condi\u021bii\u201d sunt guvernate de legea rom\u00e2n\u0103.<\/p>\n\n\n\n<p><strong>11. Diverse<\/strong><strong><\/strong><\/p>\n\n\n\n<p>\u201eAdministratorul\u201d \u00ee\u0219i rezerv\u0103 dreptul de a actualiza periodic acest set de \u201eTermeni \u0219i Condi\u021bii\u201d (de ex. pentru a corespunde schimb\u0103rilor survenite la nivelul legisla\u021biei)<\/p>\n\n\n\n<p>&nbsp;&nbsp;&nbsp;&nbsp;&nbsp;&nbsp;&nbsp;&nbsp;&nbsp;&nbsp;&nbsp; Utilizatorul trebuie s\u0103 verifice la momentul fiec\u0103rei acces\u0103ri a munteanu.com.ro sec\u021biunea \u201eTermeni \u0219i Condi\u021bii\u201d.<\/p>\n\n\n\n<p>&nbsp;&nbsp;&nbsp;&nbsp;&nbsp;&nbsp;&nbsp;&nbsp;&nbsp;&nbsp;&nbsp; Utilizarea Site-ului, chiar \u0219i \u00een cazul omisiunii utilizatorului de a analiza termenii \u0219i condi\u021biile aplicabile, reprezint\u0103 acordul expres al utilizatorului de acceptare a respectivelor condi\u021bii.<\/p>\n\n\n\n<p>&nbsp;&nbsp;&nbsp;&nbsp;&nbsp;&nbsp;&nbsp;&nbsp;&nbsp;&nbsp;&nbsp; Dac\u0103 nu sunte\u021bi de acord cu \u201eTermeni \u0219i Condi\u021bii\u201d nu pute\u021bi utiliza www.munteanu.com.ro<\/p>\n\n\n\n<p><strong>Pentru orice nerespectare a acestui set de reguli, observa\u021bie, pl\u00e2ngere sau problem\u0103 legat\u0103 de&nbsp;<\/strong><strong><a href=\"http:\/\/www.civicpress.ro\"><strong>www.munteanu.com.ro <\/strong><\/a><\/strong><strong>&nbsp;v\u0103 rug\u0103m s\u0103 ne scrie\u021bi la adresa&nbsp;<\/strong>contact@munteanu.com.ro.<\/p>\n","protected":false},"excerpt":{"rendered":"<p>1. Prevederi generale &nbsp;&nbsp;&nbsp;&nbsp;&nbsp;&nbsp;&nbsp;&nbsp;&nbsp;&nbsp;&nbsp; Prezentele \u201eTermeni \u0219i Condi\u021bii\u201d guverneaz\u0103 utilizarea website-ului www.munteanu.com.ro &nbsp;(denumit \u00een continuare \u201eSite-ul\u201d) \u0219i raporturile dintre administratorul www.munteanu.com.ro &nbsp;(denumit \u00een continuare \u201eAdministrator\u201d) \u0219i persoanele care utilizeaz\u0103 (\u201eUtilizatorul\u201d) pagina de internet www.munteanu.com.ro &nbsp;\u0219i\/sau serviciile oferite prin intermediul \u201eSite-ului\u201d. Accesarea \u0219i utilizarea Site-ului, inclusiv a oric\u0103rei pagini sau sec\u021biuni componente ale acestora, sau a &hellip; <\/p>\n<p class=\"link-more\"><a href=\"https:\/\/www.munteanu.com.ro\/blog\/termenii-si-conditiile-de-utilizare-a-site-ului-www-munteanu-com-ro\/\" class=\"more-link\">Continue reading<span class=\"screen-reader-text\"> &#8220;Termenii \u0219i condi\u021biile de utilizare a site-ului www.munteanu.com.ro&#8221;<\/span><\/a><\/p>\n","protected":false},"author":1,"featured_media":0,"parent":0,"menu_order":0,"comment_status":"closed","ping_status":"closed","template":"","meta":{"_eb_attr":""},"_links":{"self":[{"href":"https:\/\/www.munteanu.com.ro\/blog\/wp-json\/wp\/v2\/pages\/258"}],"collection":[{"href":"https:\/\/www.munteanu.com.ro\/blog\/wp-json\/wp\/v2\/pages"}],"about":[{"href":"https:\/\/www.munteanu.com.ro\/blog\/wp-json\/wp\/v2\/types\/page"}],"author":[{"embeddable":true,"href":"https:\/\/www.munteanu.com.ro\/blog\/wp-json\/wp\/v2\/users\/1"}],"replies":[{"embeddable":true,"href":"https:\/\/www.munteanu.com.ro\/blog\/wp-json\/wp\/v2\/comments?post=258"}],"version-history":[{"count":1,"href":"https:\/\/www.munteanu.com.ro\/blog\/wp-json\/wp\/v2\/pages\/258\/revisions"}],"predecessor-version":[{"id":259,"href":"https:\/\/www.munteanu.com.ro\/blog\/wp-json\/wp\/v2\/pages\/258\/revisions\/259"}],"wp:attachment":[{"href":"https:\/\/www.munteanu.com.ro\/blog\/wp-json\/wp\/v2\/media?parent=258"}],"curies":[{"name":"wp","href":"https:\/\/api.w.org\/{rel}","templated":true}]}}