{"id":372,"date":"2021-12-13T10:39:31","date_gmt":"2021-12-13T10:39:31","guid":{"rendered":"https:\/\/www.munteanu.com.ro\/blog\/?page_id=372"},"modified":"2021-12-13T10:39:31","modified_gmt":"2021-12-13T10:39:31","slug":"politica-de-confidentialitate-a-datelor","status":"publish","type":"page","link":"https:\/\/www.munteanu.com.ro\/blog\/politica-de-confidentialitate-a-datelor\/","title":{"rendered":"POLITICA DE CONFIDEN\u021aIALITATE A DATELOR"},"content":{"rendered":"\n<p><strong>\u00cenainte de a utiliza <a href=\"http:\/\/www.munteanu.com.ro\">www.munteanu.com.ro<\/a>, v\u0103 recomand\u0103m s\u0103 citi\u021bi cu aten\u021bie aceast\u0103 politic\u0103 pentru a in\u021belege cum v\u0103 sunt prelucrate datele cu caracter personal<\/strong><\/p>\n\n\n\n<p><strong>Ce sunt datele cu caracter personal?<\/strong><strong><\/strong><\/p>\n\n\n\n<p>Date cu caracter personal \u00eenseamn\u0103 orice informa\u021bii privind o persoana fizic\u0103 identificat\u0103 sau identificabil\u0103 (\u201cpersoana vizat\u0103\u201d). Acesta ar putea include \u0219i date informatice, cum ar fi adresa IP a computerului dumneavoastr\u0103, precum \u0219i modulele cookie asociate paginii noastre de internet- pentru &nbsp;acestea va rugam sa accesati linkul &#8220;Politica cookies&#8221;.<\/p>\n\n\n\n<p><strong>Ce \u00eenseamn\u0103 prelucrarea datelor cu caracter personal? <\/strong><strong><\/strong><\/p>\n\n\n\n<p>\u201cPrelucrarea\u201d \u00eenseamn\u0103 orice opera\u021biune sau set de opera\u021biuni efectuate asupra datelor cu caracter personal sau asupra seturilor de date cu caracter personal, cu sau f\u0103r\u0103 utilizarea de mijloace automatizate, cum ar fi colectarea, \u00eenregistrarea, organizarea, structurarea, stocarea, adaptarea sau modificarea, extragerea, consultarea, utilizarea, divulgarea prin transmitere, diseminarea sau punerea la dispozi\u021bie \u00een orice alt mod, alinierea sau combinarea, restric\u021bionarea, \u0219tergerea sau distrugerea.<\/p>\n\n\n\n<p>Va informam ca nu facem prelucrari automate a datelor dumneavoastr\u0103 cu caracter personal.<\/p>\n\n\n\n<p><strong>Prelucrarea datelor cu caracter personal \u2013 GDPR<\/strong><\/p>\n\n\n\n<p><strong>Potrivit Legii nr. 677\/2001 pentru protec\u021bia persoanelor cu privire la prelucrarea datelor cu caracter personal \u0219i libera circula\u021bie a acestor date \u0219i Regulamentului nr. 679\/2016 privind protec\u021bia persoanelor fizice \u00een ceea ce prive\u0219te prelucrarea datelor cu caracter personal \u2013 <\/strong><em><strong>GDPR<\/strong><\/em><strong> \u2013<\/strong>\u201e<strong>Administratorul<\/strong>\u201d <strong>va prelucra \u00een condi\u021bii de siguran\u021b\u0103 \u0219i numai pentru scopurile declarate, datele personale furnizate de utilizatori pe site-ul <a href=\"http:\/\/www.civicpress.ro\">www.munteanu.com.ro<\/a><\/strong><strong> (denumit \u00een continuare \u201eSite-ul\u201d).<\/strong><strong>&nbsp;<\/strong><\/p>\n\n\n\n<p>&nbsp;\u201e<strong>Administratorul<\/strong>\u201d prelucreaz\u0103 o serie de date cu caracter personal ale Utilizatorilor (fie c\u0103 sunt sau nu \u00eenregistra\u021bi) atunci c\u00e2nd utilizeaz\u0103 Site-ul \u0219i\/sau orice Serviciu oferit de <strong>www.munteanu.com.ro<\/strong> (spre exemplu c\u00e2nd cere\u021bi o ofert\u0103 de pre\u021b sau participa\u021bi la concursurile \u0219i\/sau campaniile noastre).<\/p>\n\n\n\n<p>Aceasta politic\u0103 de confiden\u021bialitate (\u201e<strong>Politica<\/strong>\u201d) descrie ce tipuri de date cu caracter personal sunt prelucrate, cum sunt acestea utilizate, care sunt op\u021biunile dvs. \u00een leg\u0103tur\u0103 cu aceste prelucr\u0103ri, precum \u0219i modul \u00een care vom respecta drepturile pe care le ave\u021bi \u00een calitate de persoan\u0103 vizat\u0103 conform legisla\u021biei privind protec\u021bia datelor cu caracter personal, inclusiv Regulamentul (UE) 2016\/679 (\u201e<strong>GDPR<\/strong>\u201d).<\/p>\n\n\n\n<p><strong>Operatorul<\/strong><\/p>\n\n\n\n<p>Operatorul este denumit \u00een continuare \u201e<strong>Administratorul<\/strong>\u201d.<\/p>\n\n\n\n<p>\u201e<strong>Administratorul<\/strong>\u201d &nbsp;utilizeaz\u0103 ter\u021bi furnizori de servicii&nbsp; \u00een vederea \u00eendeplinirii obliga\u021biilor legale \u0219i\/sau contractuale ale site-ului (servicii de contabilitate pentru \u00eenregistrarea \u00een contabilitate a facturilor c\u0103tre utilizatori, servicii de curierat etc). \u00cen furnizarea serviciilor, datele cu caracter personal ale utilizatorului, acolo unde este cazul, vor fi prelucrate de c\u0103tre furnizorul de servicii \u00een numele \u201e<strong>Administratorului<\/strong>\u201d.<\/p>\n\n\n\n<p>\u201e<strong>Administratorul<\/strong>\u201d se va asigura ca ter\u021bii prestatori pot oferi suficiente garan\u021bii cu privire la securitatea datelor personale ale utilizatorului \u0219i c\u0103 se conformeaz\u0103 standardelor de protec\u021bie a datelor.<\/p>\n\n\n\n<p><strong>Datele personale prelucrate<\/strong><\/p>\n\n\n\n<p>Datele personale ce urmeaz\u0103 a fi prelucrate sunt cele furnizate de c\u0103tre utilizator la \u00eenregistrarea acestuia pe Site ca utilizator, respectiv nume \u0219i prenume, domiciliu, email, nr. de telefon.<\/p>\n\n\n\n<p>\u00cen cazul \u00eenregistr\u0103rilor primite de la persoane juridice, institu\u021bii \u0219i orice alte entit\u0103\u021bi se vor prelucra datele reprezentan\u021bilor persoane fizice ale entit\u0103\u021bilor respective, respectiv nume \u0219i prenume, func\u021bie, email, nr. de telefon.<\/p>\n\n\n\n<p>Utilizatorul&nbsp; nu are obliga\u021bia de a furniza aceste date. Refuzul furniz\u0103rii datelor solicitate pe Site duce la imposibilitatea de \u00eenregistrare ca utilizator pe Site.<\/p>\n\n\n\n<p>\u201e<strong>Administratorul<\/strong>\u201d nu prelucreaz\u0103 date despre utilizator colectate din alte surse.<\/p>\n\n\n\n<p><strong>Scopul \u0219i temeiul juridic al prelucr\u0103rii<\/strong><\/p>\n\n\n\n<p>Prelucrarea datelor se face \u00een scopul furniz\u0103rii serviciilor.<\/p>\n\n\n\n<p><strong>Destinatarii\/categoriile de destinatari ai datelor cu caracter personal<\/strong><\/p>\n\n\n\n<p>Persoanele care vor avea acces la datele furnizate de utilizatori sunt angaja\u021bii, administratorii \u0219i asocia\u021bii \u201e<strong>Administratorului<\/strong>\u201d, precum \u0219i, dup\u0103 caz, furnizorii de servicii ai \u201e<strong>Administratorului<\/strong>\u201d (servicii contabile, servicii de curierat, servicii po\u0219tale). Accesul la aceste date va fi acordat numai \u00een m\u0103sura \u0219i \u00een vederea \u00eendeplinirii obliga\u021biilor legale \u0219i\/sau contractuale ale \u201e<strong>Administratorului<\/strong>\u201d.<\/p>\n\n\n\n<p><strong>Durata de stocare a datelor cu caracter personal&nbsp;<\/strong><\/p>\n\n\n\n<p>Datele cu caracter personal ale utilizatorilor vor fi procesate pentru perioada prev\u0103zut\u0103 de lege cu privire la p\u0103strarea documentelor contabile justificative, respectiv pentru o perioad\u0103 de 10 ani.<\/p>\n\n\n\n<p><strong>Protejarea datelor cu caracter personal<\/strong><\/p>\n\n\n\n<p>\u201e<strong>Administratorul<\/strong>\u201d aplic\u0103 m\u0103suri tehnice \u0219i organizatorice adecvate pentru protejarea datelor cu caracter personal \u00eempotriva distrugerii accidentale sau ilegale, pierderii, modific\u0103rii sau accesului neautorizat, precum \u0219i \u00eempotriva&nbsp; prelucr\u0103rii ilegale sau neautorizate.<\/p>\n\n\n\n<p><strong>Drepturile persoanelor potrivit legisla\u021biei aplicabile privind protec\u021bia datelor<\/strong><\/p>\n\n\n\n<p>Conform Legii nr. 667\/2001 si GDPR, utilizatorul are urm\u0103toarele drepturi:&nbsp;<\/p>\n\n\n\n<p>(a) &nbsp;<strong>dreptul de<\/strong> <strong>acces la date<\/strong>. Utilizatorul are dreptul de a ob\u021bine de la \u201e<strong>Administrator<\/strong>\u201d o confirmare c\u0103 se prelucreaz\u0103 sau nu date cu caracter personal care \u00eel privesc \u0219i, \u00een caz afirmativ, are acces la datele respective.<\/p>\n\n\n\n<p>(b) &nbsp;<strong>dreptul de rectificare<\/strong>. Utilizatorul are dreptul de a ob\u021bine de la \u201e<strong>Administrator<\/strong>\u201d rectificarea datelor cu caracter personal inexacte care \u00eel privesc.<\/p>\n\n\n\n<p>(c) &nbsp;<strong>dreptul la \u0219tergerea datelor (\u201edreptul de a fi uitat\u201d)<\/strong>. Utilizatorul are dreptul de a ob\u021bine din partea \u201e<strong>Administratorului<\/strong>\u201d \u0219tergerea datelor cu caracter personal care \u00eel privesc. \u201e<strong>Administratorul<\/strong>\u201d are obliga\u021bia de a \u0219terge datele cu caracter personal \u00een cazul \u00een care se aplic\u0103 unul dintre urm\u0103toarele motive:<\/p>\n\n\n\n<p>datele cu caracter personal nu mai sunt necesare pentru \u00eendeplinirea scopurilor pentru care au fost colectate sau prelucrate;<\/p>\n\n\n\n<p>dac\u0103 e cazul, utilizatorul \u00ee\u0219i retrage consim\u021b\u0103m\u00e2ntul cu privire la prelucrare \u0219i nu exist\u0103 niciun alt temei juridic pentru prelucrare;<\/p>\n\n\n\n<p>utilizatorul se opune prelucr\u0103rii \u00een temeiul lit. (f) alin. 1 de mai jos \u0219i nu exist\u0103 motive legitime care s\u0103 prevaleze \u00een ceea ce prive\u0219te prelucrarea sau utilizatorul se opune prelucr\u0103rii \u00een temeiul lit. (f) alin. 2 de mai jos;<\/p>\n\n\n\n<p>datele cu caracter personal au fost prelucrate ilegal;<\/p>\n\n\n\n<p>datele cu caracter personal trebuie \u0219terse pentru respectarea unei obliga\u021bii legale care revine \u201e<strong>Administratorului<\/strong>\u201d \u00een temeiul dreptului Uniunii sau al dreptului intern.<\/p>\n\n\n\n<p>(d) &nbsp;<strong>dreptul la restric\u021bionarea prelucr\u0103rii<\/strong>. Utilizatorul are dreptul de a ob\u021bine din partea \u201e<strong>Administratorului<\/strong>\u201d restric\u021bionarea prelucr\u0103rii dac\u0103 este aplicabil unul din urm\u0103toarele cazuri:<\/p>\n\n\n\n<p>utilizatorul contesta exactitatea datelor, pentru o perioad\u0103 care \u00eei permite \u201e<strong>Administratorului<\/strong>\u201d s\u0103 verifice exactitatea datelor;<\/p>\n\n\n\n<p>prelucrarea este ilegal\u0103, iar utilizatorul se opune \u0219tergerii datelor cu caracter personal, solicit\u00e2nd \u00een schimb restric\u021bionarea utiliz\u0103rii lor;<\/p>\n\n\n\n<p>\u201e<strong>Administratorul<\/strong>\u201d nu mai are nevoie de datele cu caracter personal \u00een scopul prelucr\u0103rii, dar utilizatorul i le solicit\u0103 pentru constatarea, exercitarea sau ap\u0103rarea unui drept \u00een instan\u021b\u0103;<\/p>\n\n\n\n<p>utilizatorul s-a opus prelucr\u0103rii \u00een conformitate cu lit. (f) alin. 1 de mai jos, pentru intervalul de timp \u00een care se verific\u0103 dac\u0103 drepturile legitime ale \u201e<strong>Administratorului<\/strong>\u201d prevaleaz\u0103 asupra celor ale utilizatorului.<\/p>\n\n\n\n<p>(e) &nbsp;<strong>dreptul la portabilitatea datelor<\/strong>. Utilizatorul are dreptul de a primi datele cu caracter personal care \u00eel privesc \u0219i pe care le-a furnizat \u201e<strong>Administratorului<\/strong>\u201d, \u00eentr-un format structurat, utilizat \u00een mod curent \u0219i care poate fi citit automat \u0219i are dreptul de a transmite aceste date altui operator, f\u0103r\u0103 obstacole din partea \u201e<strong>Administratorului<\/strong>\u201d.<\/p>\n\n\n\n<p>(f)&nbsp;<strong>&nbsp;dreptul la opozi\u021bie<\/strong><\/p>\n\n\n\n<p>Utilizatorul are dreptul de a se opune, din motive legate de situa\u021bia particular\u0103 \u00een care se afl\u0103, prelucr\u0103rii datelor cu caracter personal care \u00eel privesc, inclusiv cre\u0103rii de profiluri pe baza respectivelor dispozi\u021bii. \u201e<strong>Administratorul<\/strong>\u201d nu mai prelucreaz\u0103 datele cu caracter personal, cu excep\u021bia cazului \u00een care demonstreaz\u0103 c\u0103 are motive legitime \u0219i imperioase care justific\u0103 prelucrarea \u0219i care prevaleaz\u0103 asupra intereselor, drepturilor \u0219i libert\u0103\u021bilor utilizatorului sau c\u0103 scopul este constatarea, exercitarea sau ap\u0103rarea unui drept \u00een instan\u021b\u0103.&nbsp;<\/p>\n\n\n\n<p>Utilizatorul are dreptul s\u0103 se opun\u0103 \u00een orice moment prelucr\u0103rii \u00een scop de marketing direct a datelor cu caracter personal care \u00eel privesc, inclusiv cre\u0103rii de profiluri, \u00een m\u0103sura \u00een care este legat\u0103 de marketingul direct respectiv.<\/p>\n\n\n\n<p>(g) &nbsp;<strong>dreptul de a nu face obiectul unei decizii bazate exclusiv pe prelucrarea automat\u0103, inclusiv crearea de profiluri<\/strong>. Utilizatorul are dreptul de a nu face obiectul unei decizii bazate exclusiv pe prelucrarea automat\u0103, inclusiv crearea de profiluri, care produce efecte juridice care \u00eel privesc sau \u00eel afecteaz\u0103 \u00een mod similar \u00eentr-o m\u0103sur\u0103 semnificativ\u0103, cu excep\u021bia cazului \u00een care utilizatorul consimte \u00een mod explicit.<\/p>\n\n\n\n<p>(h) &nbsp;<strong>dreptul<\/strong> <strong>de a depune o pl\u00e2ngere \u00een fa\u021ba autorit\u0103\u021bii de supraveghere<\/strong> \u00een leg\u0103tur\u0103 cu prelucrarea datelor sale cu caracter personal. Datele de contact ale autorit\u0103\u021bii rom\u00e2ne de supraveghere sunt:<\/p>\n\n\n\n<p>Autoritatea Na\u021bional\u0103 de Supraveghere a Prelucr\u0103rii Datelor cu Caracter Personal<\/p>\n\n\n\n<p>Bd. G-ral Gheorghe Magheru nr. 28-30, sector 1, 010336, Bucure\u0219ti<\/p>\n\n\n\n<p>Tel.: +40.318.059.211; +40.318.059.212<\/p>\n\n\n\n<p>Email: anspdcp@dataprotection.ro<\/p>\n\n\n\n<p>Pentru orice informa\u021bii suplimentare referitoare la drepturile sale \u00een leg\u0103tur\u0103 cu datele cu caracter personal, utilizatorul poate sa contacteze \u201e<strong>Administratorul<\/strong>\u201d la urm\u0103toarea adres\u0103 de email: <a href=\"mailto:contact@munteanu.com.ro\">contact@munteanu.com.ro<\/a>. &nbsp;La acelea\u0219i adrese utilizatorul se poate adresa, \u00eempreun\u0103 cu o descriere detaliat\u0103, pentru orice problem\u0103 cu privire la procesarea datelor sale personale.<\/p>\n\n\n\n<p><strong>Locul prelucr\u0103rii datelor cu caracter personal<\/strong><\/p>\n\n\n\n<p>Datele cu caracter personal sunt stocate \u0219i prelucrate pe teritoriul Rom\u00e2niei.<\/p>\n\n\n\n<p><strong>Confiden\u021bialitatea datelor cu caracter personal<\/strong><\/p>\n\n\n\n<p>\u201e<strong>Administratorul<\/strong>\u201d va respecta confiden\u021bialitatea datelor furnizate de utilizatori \u0219i nu va furniza aceste date ter\u021belor persoane, cu excep\u021bia persoanelor c\u0103tre care furnizarea datelor este necesar\u0103 \u00een vederea \u00eendeplinirii obliga\u021biilor legale \u0219i\/sau contractuale ale \u201e<strong>Administratorului<\/strong>\u201d, sau dac\u0103 este necesar pentru a ne ap\u0103ra un interes legitim.&nbsp; Datele personale ale utilizatorilor vor putea fi transmise autorit\u0103\u021bilor \u00een conformitate cu prevederile legale.<\/p>\n","protected":false},"excerpt":{"rendered":"<p>\u00cenainte de a utiliza www.munteanu.com.ro, v\u0103 recomand\u0103m s\u0103 citi\u021bi cu aten\u021bie aceast\u0103 politic\u0103 pentru a in\u021belege cum v\u0103 sunt prelucrate datele cu caracter personal Ce sunt datele cu caracter personal? Date cu caracter personal \u00eenseamn\u0103 orice informa\u021bii privind o persoana fizic\u0103 identificat\u0103 sau identificabil\u0103 (\u201cpersoana vizat\u0103\u201d). Acesta ar putea include \u0219i date informatice, cum ar &hellip; <\/p>\n<p class=\"link-more\"><a href=\"https:\/\/www.munteanu.com.ro\/blog\/politica-de-confidentialitate-a-datelor\/\" class=\"more-link\">Continue reading<span class=\"screen-reader-text\"> &#8220;POLITICA DE CONFIDEN\u021aIALITATE A DATELOR&#8221;<\/span><\/a><\/p>\n","protected":false},"author":1,"featured_media":0,"parent":0,"menu_order":0,"comment_status":"closed","ping_status":"closed","template":"","meta":{"_eb_attr":""},"_links":{"self":[{"href":"https:\/\/www.munteanu.com.ro\/blog\/wp-json\/wp\/v2\/pages\/372"}],"collection":[{"href":"https:\/\/www.munteanu.com.ro\/blog\/wp-json\/wp\/v2\/pages"}],"about":[{"href":"https:\/\/www.munteanu.com.ro\/blog\/wp-json\/wp\/v2\/types\/page"}],"author":[{"embeddable":true,"href":"https:\/\/www.munteanu.com.ro\/blog\/wp-json\/wp\/v2\/users\/1"}],"replies":[{"embeddable":true,"href":"https:\/\/www.munteanu.com.ro\/blog\/wp-json\/wp\/v2\/comments?post=372"}],"version-history":[{"count":1,"href":"https:\/\/www.munteanu.com.ro\/blog\/wp-json\/wp\/v2\/pages\/372\/revisions"}],"predecessor-version":[{"id":373,"href":"https:\/\/www.munteanu.com.ro\/blog\/wp-json\/wp\/v2\/pages\/372\/revisions\/373"}],"wp:attachment":[{"href":"https:\/\/www.munteanu.com.ro\/blog\/wp-json\/wp\/v2\/media?parent=372"}],"curies":[{"name":"wp","href":"https:\/\/api.w.org\/{rel}","templated":true}]}}