{"id":374,"date":"2021-12-13T10:42:22","date_gmt":"2021-12-13T10:42:22","guid":{"rendered":"https:\/\/www.munteanu.com.ro\/blog\/?page_id=374"},"modified":"2021-12-13T10:42:22","modified_gmt":"2021-12-13T10:42:22","slug":"politica-de-cookie-uri","status":"publish","type":"page","link":"https:\/\/www.munteanu.com.ro\/blog\/politica-de-cookie-uri\/","title":{"rendered":"Politic\u0103 de cookie-uri"},"content":{"rendered":"\n<p>Informa\u021biile prezentate \u00een continuare au scopul de a aduce la cuno\u0219tin\u021ba utilizatorului mai multe detalii despre plasarea, utilizarea \u0219i administrarea \u201ccookie\u201d-urilor utilizate de acest site. De asemenea, sunt prezente \u0219i c\u00e2teva linkuri utile legate de acest subiect. \u00cen cazul \u00een care ave\u021bi nevoie de mai multe informa\u021bii, \u0219i ele nu se reg\u0103sesc mai jos, ne pute\u021bi contacta la: <a href=\"mailto:contact@munteanu.com.ro\">contact@munteanu.com.ro<\/a><\/p>\n\n\n\n<p>V\u0103 rug\u0103m s\u0103 citi\u021bi cu aten\u021bie informa\u021biile care urmeaz\u0103:<\/p>\n\n\n\n<p>Adresa sitului web este: http:\/\/www.munteanu.com.ro.<\/p>\n\n\n\n<p>Munteanu.com.ro colecteaz\u0103 minimum de date posibil necesar func\u021bion\u0103rii site-ului.<br>Munteanu.com.ro respect\u0103 \u0219i aplic\u0103 politica de protec\u021bie a datelor cu caracter personal \u0219i modific\u0103rile propuse de Regulamentul (UE) 2016\/679. \u00cenainte de a continua navigarea pe Website-ul nostru te rug\u0103m s\u0103 aloci timpul necesar pentru a citi \u0219i \u00een\u021belege con\u021binutul Politicii de Cookie \u0219i al Politicii de confiden\u021bialitate. Vezi \u0219i rubrica <a href=\"http:\/\/www.civicpress.ro\/termeni-si-conditii\">Termeni \u0219i condi\u021bii<\/a>.<\/p>\n\n\n\n<p><strong>Introducere<\/strong><\/p>\n\n\n\n<p>Prezenta Politic\u0103 privind Fi\u0219ierele Cookies se aplic\u0103 tuturor utilizatorilor paginii de internet munteanu.com.ro.<br>Informa\u021biile prezentate \u00een continuare au ca scop informarea utilizatorilor cu privire la plasarea, utilizarea \u0219i administrarea cookie-urilor \u00een contextul navig\u0103rii pe aceast\u0103 Pagina de internet.<br>Folosim termenul \u201ecookie\u201d-uri pentru a ne referi la modulele cookie \u0219i la tehnologiile similare prin intermediul c\u0103rora pot fi colectate informa\u021bii \u00een mod automat.<br>Cookie-urile sunt utilizate pentru a furniza utilizatorilor Site-ului o experien\u021b\u0103 mai bun\u0103 de navigare \u0219i servicii adaptate nevoilor \u0219i interesului fiec\u0103rui utilizator \u00een parte \u0219i anume pentru:<br>\u2022\u00eembun\u0103t\u0103\u021birea utiliz\u0103rii Paginii de internet, inclusiv prin identificarea oric\u0103ror erori care apar \u00een timpul vizit\u0103rii\/utiliz\u0103rii acesteia de c\u0103tre utilizatori;<br>\u2022furnizarea de statistici anonime cu privire la modul \u00een care este utilizat\u0103 aceast\u0103 Pagin\u0103 de internet;<br>\u2022anticiparea unor eventuale servicii\/bunuri care vor fi \u00een viitor prestate \/ puse la dispozi\u021bia utilizatorilor prin intermediul acestui site, \u00een func\u021bie de serviciile \/ produsele accesate.<br>Cookie-urile transmit c\u0103tre Munteanu.com.ro &nbsp;un feedback valoros asupra modului \u00een care aceast\u0103 Pagin\u0103 de internet este utilizat\u0103, astfel \u00eenc\u00e2t s\u0103 existe posibilitatea adopt\u0103rii unor m\u0103suri pentru ca aceasta s\u0103 fie mai eficient\u0103 \u0219i mai accesibil\u0103 pentru utilizatori. Astfel, utilizarea cookie-urilor permite memorarea anumitor set\u0103ri\/preferin\u021be stabilite de c\u0103tre utilizatori pe parcursul sesiunilor de navigare (de exemplu, limba \u00een care este vizualizat\u0103 Pagina de internet).<\/p>\n\n\n\n<p><strong>Ce sunt cookie-urile?<\/strong><\/p>\n\n\n\n<p>Un \u201eInternet Cookie\u201d (termen cunoscut \u0219i sub denumirea de \u201ebrowser cookie\u201d sau \u201eHTTP cookie\u201d ori \u201ecookie\u201d) reprezint\u0103 un fi\u0219ier de mici dimensiuni, format din litere \u0219i numere, care va fi stocat pe computerul, terminalul mobil sau pe alte echipamente ale unui utilizator prin intermediul c\u0103rora se acceseaz\u0103 internetul.<\/p>\n\n\n\n<p>Cookie-urile sunt instalate prin solicitarea emis\u0103 de un web-server c\u0103tre un browser (ex: Internet Explorer, Firefox, Chrome). Cookie-urile odat\u0103 instalate au o durat\u0103 de existen\u021b\u0103 determinat\u0103, r\u0103m\u00e2n\u00e2nd \u201epasive\u201d, \u00een sensul c\u0103 nu con\u021bin programe software, viru\u0219i sau spyware \u0219i nu vor accesa informa\u021biile de pe hard driverul utilizatorului pe al c\u0103rui echipament au fost instalate.<\/p>\n\n\n\n<p><strong>Un cookie este format din dou\u0103 p\u0103r\u021bi:<\/strong><\/p>\n\n\n\n<p>\u2022 numele \u0219i<\/p>\n\n\n\n<p>\u2022 con\u021binutul sau valoarea cookie-ului.<\/p>\n\n\n\n<p>Din punct de vedere tehnic, doar webserverul care a trimis cookie-ul \u00eel poate accesa din nou \u00een momentul \u00een care un utilizator se \u00eentoarce pe pagina de internet asociat\u0103 webserverului respectiv.<\/p>\n\n\n\n<p><strong>Exist\u0103 urm\u0103toarele categorii de cookie-uri:<\/strong><\/p>\n\n\n\n<p>\u2022 Cookie-uri de Sesiune \u2013 Un \u201ecookie de sesiune\u201d este un cookie care este \u0219ters automat c\u00e2nd utilizatorul \u00ee\u0219i \u00eenchide browserul.<\/p>\n\n\n\n<p>\u2022 Cookie-uri Persistente \u2013 Un \u201ecookie persistent\u201d este un cookie care r\u0103m\u00e2ne stocat \u00een terminalul utilizatorului p\u00e2n\u0103 c\u00e2nd atinge o anumit\u0103 dat\u0103 de expirare (care poate fi \u00een c\u00e2teva minute, zile sau c\u00e2\u021biva ani \u00een viitor).<\/p>\n\n\n\n<p><strong>Care este durata de via\u021b\u0103 a cookie-urilor?<\/strong><\/p>\n\n\n\n<p>Cookie-urile sunt administrate de webservere. Durata de via\u021b\u0103 a unui cookie poate varia semnificativ, depinz\u00e2nd de scopul pentru care este plasat. Unele cookie-uri sunt folosite exclusiv pentru o singur\u0103 sesiune (adic\u0103 cookie-uri de sesiune) \u0219i nu mai sunt re\u021binute din momentul \u00een care utilizatorul p\u0103r\u0103se\u0219te pagina de internet. Unele cookie-uri sunt re\u021binute \u0219i refolosite de fiecare dat\u0103 c\u00e2nd utilizatorul revine pe acea pagin\u0103 de internet (adic\u0103 cookie-uri persistente). Cu toate aceste, cookie-urile pot fi \u0219terse de utilizator \u00een orice moment prin intermediul set\u0103rilor browserului.<\/p>\n\n\n\n<p><strong>Ce sunt cookie-urile plasate de ter\u021bi?<\/strong><\/p>\n\n\n\n<p>Anumite sec\u021biuni de con\u021binut de pe unele site-uri pot fi furnizate prin intermediul unor ter\u021be p\u0103r\u021bi\/furnizori (ex: o caset\u0103 de \u0219tiri, un fi\u0219ier video sau o reclam\u0103). Aceste ter\u021be p\u0103r\u021bi pot plasa de asemenea cookie-uri prin intermediul site-ului. Acestea se numesc \u201ethird party cookies\u201d pentru c\u0103 nu sunt plasate de proprietarul website-ului respectiv. Furnizorii ter\u021bi trebuie s\u0103 respecte de asemenea legea \u00een vigoare \u0219i politicile de confiden\u021bialitate ale de\u021bin\u0103torului site-ului.<\/p>\n\n\n\n<p>Ter\u021bii furnizori ai cookie-urilor trebuie s\u0103 respecte, de asemenea, regulile \u00een materie de protec\u021bie a datelor \u0219i Politica de Confiden\u021bialitate disponibil\u0103 pe Site.<\/p>\n\n\n\n<p>Aceste cookie-uri pot proveni de la urm\u0103torii ter\u021bi: Google Analytics, Youtube, Facebook, Twitter, Linkedin.<\/p>\n\n\n\n<p><strong>Modul de utilizare a cookie-urilor prin intermediul Paginii de internet:<\/strong><\/p>\n\n\n\n<p>Prin utilizarea\/vizitarea Paginii de internet pot fi plasate cookie-uri \u00een urm\u0103toarele scopuri:<\/p>\n\n\n\n<p>a. Cookie-uri de performan\u021b\u0103 a Paginii de internet;<\/p>\n\n\n\n<p>b. Cookie-uri de analiz\u0103 a utilizatorilor;<\/p>\n\n\n\n<p>c. Cookie-uri pentru geotargetting;<\/p>\n\n\n\n<p>d. Cookie-uri de \u00eenregistrare;<\/p>\n\n\n\n<p>e. Cookie-uri pentru publicitate;<\/p>\n\n\n\n<p>f. Cookie-uri ale furnizorilor de publicitate;<\/p>\n\n\n\n<p><strong>Cookie-uri de performan\u021b\u0103:<\/strong><\/p>\n\n\n\n<p>Prin acest tip de cookie-uri sunt memorate preferin\u021bele utilizatorului Paginii de internet, astfel \u00eenc\u00e2t setarea din nou a preferin\u021belor \u00een cazul vizit\u0103rii ulterioare a Paginii de internet nu mai este necesar\u0103.<\/p>\n\n\n\n<p>Dac\u0103 la\u0219i un comentariu pe situl nostru, po\u021bi opta pentru salvarea \u00een cookie-uri a numelui, adresei de email \u0219i sitului t\u0103u web. Acestea sunt pentru confortul t\u0103u, astfel nu mai trebuie s\u0103 le completezi din nou c\u00e2nd la\u0219i un alt comentariu. Aceste cookie-uri vor fi valabile un an.<\/p>\n\n\n\n<p><strong>Cookie-uri de analiz\u0103 a utilizatorilor<\/strong><\/p>\n\n\n\n<p>Aceste cookie-uri ne informeaz\u0103 dac\u0103 un anumit utilizator al Paginii de internet a mai vizitat\/utilizat Site-ul anterior. Aceste cookie-uri sunt utilizate doar \u00een scopuri statistice.<\/p>\n\n\n\n<p>Cookie-uri pentru geotargetting<\/p>\n\n\n\n<p>Aceste cookie-uri sunt utilizate de c\u0103tre un soft care stabile\u0219te \u021bara de provenien\u021b\u0103 a utilizatorului Paginii de internet. Vor fi primite acelea\u0219i reclame indiferent de limba selectat\u0103.<\/p>\n\n\n\n<p><strong>Cookie-uri pentru \u00eenregistrare<\/strong><\/p>\n\n\n\n<p>Pentru utilizatorii \u00eenregistra\u021bi pe acest site (dac\u0103 ace\u0219tia exist\u0103), se genereaz\u0103 cookie-uri care memoreaz\u0103 acest demers. Serverele utilizeaz\u0103 aceste cookie-uri pentru a ne ar\u0103ta contul cu care sunte\u021bi \u00eenregistrat \u0219i dac\u0103 ave\u021bi permisiunea pentru un serviciu anume. De asemenea, utilizarea acestor cookie-uri permite s\u0103 asociem orice comentariu postat pe Pagina de internet cu username-ul contului folosit. \u00cen cazul \u00een care nu a fost selectat\u0103 op\u021biunea \u201ep\u0103streaz\u0103-m\u0103 \u00eenregistrat\u201d, aceste cookie-uri se vor \u0219terge automat la momentul termin\u0103rii sesiunii de navigare.<\/p>\n\n\n\n<p><strong>Cookie-uri pentru publicitate<\/strong><\/p>\n\n\n\n<p>Aceste cookie-uri permit aflarea vizualiz\u0103rii de c\u0103tre un utilizator a unei reclame online, tipul acesteia \u0219i timpul scurs de la momentul vizualiz\u0103rii respectivului mesaj publicitar. Ca atare, astfel de cookie-uri sunt folosite pentru targetarea publicit\u0103\u021bii online. Aceste cookie-uri sunt anonime, stoc\u00e2nd informa\u021bii despre contentul vizualizat, nu \u0219i despre utilizatori.<\/p>\n\n\n\n<p><strong>Ce tip de informa\u021bii sunt stocate \u0219i accesate prin intermediul cookie-urilor?<\/strong><\/p>\n\n\n\n<p>Cookie-urile p\u0103streaz\u0103 informa\u021bii \u00eentr-un fi\u0219ier text de mici dimensiuni care permit recunoa\u0219terea browserului. Aceast\u0103 Pagin\u0103 de internet recunoa\u0219te browserul p\u00e2n\u0103 c\u00e2nd cookie-urile expir\u0103 sau sunt \u0219terse.<\/p>\n\n\n\n<p><strong>Particularizarea set\u0103rilor browserului \u00een ceea ce prive\u0219te cookie-urile<\/strong><\/p>\n\n\n\n<p>\u00cen cazul \u00een care utilizarea cookie-urilor nu este deranjant\u0103, iar computerul sau echipamentul tehnic utilizat pentru navigarea pe aceast\u0103 Pagin\u0103 de internet este folosit doar de c\u0103tre dumneavoastr\u0103, pot fi setate termene lungi de expirare pentru stocarea istoricului de navigare.<\/p>\n\n\n\n<p>\u00cen cazul \u00een care computerul sau echipamentul tehnic utilizat pentru navigare pe acest Site este folosit de mai multe persoane, poate fi luat\u0103 \u00een considerare setarea pentru \u0219tergerea datelor individuale de navigare de fiecare dat\u0103 c\u00e2nd browserul este \u00eenchis.<\/p>\n\n\n\n<p><strong>Cum pot fi oprite cookie-urile?<\/strong><\/p>\n\n\n\n<p>Dezactivarea \u0219i refuzul de a primi cookie-uri pot face aceast\u0103 Pagin\u0103 de internet dificil de vizitat, atr\u0103g\u00e2nd dup\u0103 sine limit\u0103ri ale posibilit\u0103\u021bilor de utilizare ale acesteia.<\/p>\n\n\n\n<p>Utilizatorii \u00ee\u0219i pot configura browserul s\u0103 resping\u0103 fi\u0219ierele cookie sau s\u0103 fie acceptate cookie-uri de la o pagin\u0103 de internet anume.<\/p>\n\n\n\n<p>Toate browserele moderne ofer\u0103 posibilitatea de a schimba set\u0103rile cookie-urilor. Aceste set\u0103ri pot fi accesate, ca regul\u0103, \u00een sec\u021biunea \u201eop\u021biuni\u201d sau \u00een meniul de \u201epreferin\u021be\u201d al browserului utilizatorilor.<\/p>\n\n\n\n<p>Totu\u0219i, refuzarea sau dezactivarea cookie-urilor nu \u00eenseamn\u0103 c\u0103 nu ve\u021bi mai primi publicitate online \u2013 ci doar ca aceasta nu va fi adaptat\u0103 preferin\u021belor \u0219i interesele dumneavoastr\u0103, eviden\u021biate prin comportamentul de navigare.<\/p>\n\n\n\n<p>Pentru a \u00een\u021belege aceste set\u0103ri, urm\u0103toarele linkuri pot fi folositoare:<\/p>\n\n\n\n<p>Cookie settings&nbsp;<a href=\"http:\/\/support.microsoft.com\/ro-ro\/help\/17442\/windows-internet-explorer-delete-manage-cookies?ocid=IE10_about_cookies\" target=\"_blank\" rel=\"noreferrer noopener\">in Internet Explorer<\/a><\/p>\n\n\n\n<p>Cookie settings in&nbsp;<a href=\"http:\/\/support.mozilla.org\/ro\/kb\/cookie-urile\" target=\"_blank\" rel=\"noreferrer noopener\">Firefox<\/a><\/p>\n\n\n\n<p>Cookie settings in&nbsp;<a href=\"http:\/\/support.google.com\/chrome\/answer\/95647?hl=ro\" target=\"_blank\" rel=\"noreferrer noopener\">Chrome<\/a><\/p>\n\n\n\n<p>Cookie settings in&nbsp;<a href=\"http:\/\/support.apple.com\/ro-ro\/guide\/safari\/manage-cookies-and-website-data-sfri11471\/mac\" target=\"_blank\" rel=\"noreferrer noopener\">Safari<\/a><\/p>\n","protected":false},"excerpt":{"rendered":"<p>Informa\u021biile prezentate \u00een continuare au scopul de a aduce la cuno\u0219tin\u021ba utilizatorului mai multe detalii despre plasarea, utilizarea \u0219i administrarea \u201ccookie\u201d-urilor utilizate de acest site. De asemenea, sunt prezente \u0219i c\u00e2teva linkuri utile legate de acest subiect. \u00cen cazul \u00een care ave\u021bi nevoie de mai multe informa\u021bii, \u0219i ele nu se reg\u0103sesc mai jos, ne &hellip; <\/p>\n<p class=\"link-more\"><a href=\"https:\/\/www.munteanu.com.ro\/blog\/politica-de-cookie-uri\/\" class=\"more-link\">Continue reading<span class=\"screen-reader-text\"> &#8220;Politic\u0103 de cookie-uri&#8221;<\/span><\/a><\/p>\n","protected":false},"author":1,"featured_media":0,"parent":0,"menu_order":0,"comment_status":"closed","ping_status":"closed","template":"","meta":{"_eb_attr":""},"_links":{"self":[{"href":"https:\/\/www.munteanu.com.ro\/blog\/wp-json\/wp\/v2\/pages\/374"}],"collection":[{"href":"https:\/\/www.munteanu.com.ro\/blog\/wp-json\/wp\/v2\/pages"}],"about":[{"href":"https:\/\/www.munteanu.com.ro\/blog\/wp-json\/wp\/v2\/types\/page"}],"author":[{"embeddable":true,"href":"https:\/\/www.munteanu.com.ro\/blog\/wp-json\/wp\/v2\/users\/1"}],"replies":[{"embeddable":true,"href":"https:\/\/www.munteanu.com.ro\/blog\/wp-json\/wp\/v2\/comments?post=374"}],"version-history":[{"count":1,"href":"https:\/\/www.munteanu.com.ro\/blog\/wp-json\/wp\/v2\/pages\/374\/revisions"}],"predecessor-version":[{"id":375,"href":"https:\/\/www.munteanu.com.ro\/blog\/wp-json\/wp\/v2\/pages\/374\/revisions\/375"}],"wp:attachment":[{"href":"https:\/\/www.munteanu.com.ro\/blog\/wp-json\/wp\/v2\/media?parent=374"}],"curies":[{"name":"wp","href":"https:\/\/api.w.org\/{rel}","templated":true}]}}